{"id":225,"date":"2015-08-25T09:59:30","date_gmt":"2015-08-25T14:59:30","guid":{"rendered":"https:\/\/kckdental.com\/es\/?page_id=225"},"modified":"2015-08-25T10:00:06","modified_gmt":"2015-08-25T15:00:06","slug":"el-blanqueamiento-dental-para-toda-la-vida","status":"publish","type":"page","link":"https:\/\/kckdental.com\/es\/el-blanqueamiento-dental-para-toda-la-vida\/","title":{"rendered":"El blanqueamiento dental para toda la vida"},"content":{"rendered":"<p>Blanqueamiento Dental para el programa de la vida Blanqueamiento dental por la Vida a un costo de $ 59!!!! Este nuevo programa incluye bandejas de blanqueo superior e inferior, tres jeringas de blanqueo y una comprobaci\u00f3n inicial de sombra.<br \/>\nMantenimiento exitoso de su\u00a0 (limpieza) cita de seis meses le permite recibir una jeringa de blanqueo GRATIS cada seis meses.<br \/>\nEste programa est\u00e1 disponible para los pacientes de 16 a\u00f1os o m\u00e1s. Le pedimos que usted recibe un examen completo, radiograf\u00edas necesarias y limpieza antes del blanqueo. Queremos asegurarnos de que no hay enfermedades dentales en curso que necesita atenci\u00f3n<br \/>\nm\u00e1s urgente en la boca.Si hay caries activa o infecci\u00f3n en la boca, le recomendamos el tratamiento adecuado\u00a0 antes del blanqueamiento los dientes. Blanqueamiento de dientes puede causar una mayor sensibilidad y<br \/>\ndescuidando la infecci\u00f3n puede ser peligroso para su salud.Si usted es un paciente existente y ya tienen bandejas de blanqueamiento, puede entrar en el programa<br \/>\npor un costo de $ 25.<\/p>\n<p>Si usted es un nuevo paciente en nuestra oficina\u00a0 y tienen bandejas de blanqueo existentes debemos evaluar el ajuste de sus bandejas y entonces puede entrar en nuestro programa por un costo de $ 25. Si usted tiene trabajo dental se efectuar\u00e1 directamente en nuestra oficina despu\u00e9s de haber entrado en el programa y sus bandejas existentes ya no encajan, las nuevas bandejas ser\u00e1 hecha en forma gratuita. Se le dar\u00e1\u00a0 sus modelos de impresi\u00f3n para mantener. En el caso de las bandejas deben ser rehechas por p\u00e9rdida o por otras circunstancias, usted debe traer\u00a0 sus modelos de impresi\u00f3n para rehacer las bandejas y se le cobrar\u00e1 una tarifa de $ 25. Si los modelos de impresi\u00f3n tienen que ser rehechas, debido a los modelos se extrav\u00ede o perdidos, la tarifa ser\u00e1 de $ 50.<\/p>\n<h3>IMPORTANTE<\/h3>\n<p>La cita de cada seis meses (limpiezas) tienen que ser mantenidas y su estado de cuenta debe mostrar un balanza corriente cero para tener derecho a una jeringa de blanqueo libre en su visita! Se le dar\u00e1 un per\u00edodo de gracia de un mes para un problema de programaci\u00f3n de nuestra parte. Si el paciente no se<br \/>\nadhieren a sus visitas de seis meses, a continuaci\u00f3n, despu\u00e9s de la primera cita perdida usted tendr\u00e1 que comprar su pr\u00f3xima jeringa blanqueo a un costo de $ 15. Despu\u00e9s de la segunda cita perdida, usted tendr\u00e1 que pagar la tarifa de contrato inicial de $ 59. El blanqueamiento dental no est\u00e1 recomendado para todos los pacientes, por lo tanto, su m\u00e9dico le aconsejar\u00e1 si usted no cumple con los criterios para blanquear los dientes. No garantizamos la eficacia del gel blanqueador. A veces se necesitan varios intentos de blanquear el esmalte.<\/p>\n","protected":false},"excerpt":{"rendered":"<p>Blanqueamiento Dental para el programa de la vida Blanqueamiento dental por la Vida a un costo de $ 59!!!! Este nuevo programa incluye bandejas de blanqueo superior e inferior, tres jeringas de blanqueo y una comprobaci\u00f3n inicial de sombra. Mantenimiento exitoso de su\u00a0 (limpieza) cita de seis meses le permite recibir una jeringa de blanqueo &hellip; <a href=\"https:\/\/kckdental.com\/es\/el-blanqueamiento-dental-para-toda-la-vida\/\">Continued<\/a><\/p>\n","protected":false},"author":1,"featured_media":206,"parent":0,"menu_order":0,"comment_status":"open","ping_status":"open","template":"templates\/template-instructions.php","meta":{"footnotes":""},"class_list":["post-225","page","type-page","status-publish","has-post-thumbnail","hentry"],"yoast_head":"<!-- This site is optimized with the Yoast SEO plugin v27.6 - https:\/\/yoast.com\/product\/yoast-seo-wordpress\/ -->\n<title>El blanqueamiento dental para toda la vida - Kansas City Kansas Dental Professionals P.A.<\/title>\n<meta name=\"robots\" content=\"index, follow, max-snippet:-1, max-image-preview:large, max-video-preview:-1\" \/>\n<link rel=\"canonical\" href=\"https:\/\/kckdental.com\/es\/el-blanqueamiento-dental-para-toda-la-vida\/\" \/>\n<meta property=\"og:locale\" content=\"es_ES\" \/>\n<meta property=\"og:type\" content=\"article\" \/>\n<meta property=\"og:title\" content=\"El blanqueamiento dental para toda la vida - Kansas City Kansas Dental Professionals P.A.\" \/>\n<meta property=\"og:description\" content=\"Blanqueamiento Dental para el programa de la vida Blanqueamiento dental por la Vida a un costo de $ 59!!!! Este nuevo programa incluye bandejas de blanqueo superior e inferior, tres jeringas de blanqueo y una comprobaci\u00f3n inicial de sombra. Mantenimiento exitoso de su\u00a0 (limpieza) cita de seis meses le permite recibir una jeringa de blanqueo &hellip; Continued\" \/>\n<meta property=\"og:url\" content=\"https:\/\/kckdental.com\/es\/el-blanqueamiento-dental-para-toda-la-vida\/\" \/>\n<meta property=\"og:site_name\" content=\"Kansas City Kansas Dental Professionals P.A.\" \/>\n<meta property=\"article:modified_time\" content=\"2015-08-25T15:00:06+00:00\" \/>\n<meta property=\"og:image\" content=\"https:\/\/secureservercdn.net\/166.62.104.68\/2gx.3ff.myftpupload.com\/wp-content\/uploads\/2015\/06\/photodune-4656723-healthy-teeth-m1.jpg?time=1640880606\" \/>\n\t<meta property=\"og:image:width\" content=\"1800\" \/>\n\t<meta property=\"og:image:height\" content=\"1124\" \/>\n\t<meta property=\"og:image:type\" content=\"image\/jpeg\" \/>\n<meta name=\"twitter:label1\" content=\"Est. reading time\" \/>\n\t<meta name=\"twitter:data1\" content=\"2 minutes\" \/>\n<script type=\"application\/ld+json\" class=\"yoast-schema-graph\">{\"@context\":\"https:\\\/\\\/schema.org\",\"@graph\":[{\"@type\":\"WebPage\",\"@id\":\"https:\\\/\\\/kckdental.com\\\/es\\\/el-blanqueamiento-dental-para-toda-la-vida\\\/\",\"url\":\"https:\\\/\\\/kckdental.com\\\/es\\\/el-blanqueamiento-dental-para-toda-la-vida\\\/\",\"name\":\"El blanqueamiento dental para toda la vida - Kansas City Kansas Dental Professionals P.A.\",\"isPartOf\":{\"@id\":\"https:\\\/\\\/kckdental.com\\\/#website\"},\"primaryImageOfPage\":{\"@id\":\"https:\\\/\\\/kckdental.com\\\/es\\\/el-blanqueamiento-dental-para-toda-la-vida\\\/#primaryimage\"},\"image\":{\"@id\":\"https:\\\/\\\/kckdental.com\\\/es\\\/el-blanqueamiento-dental-para-toda-la-vida\\\/#primaryimage\"},\"thumbnailUrl\":\"https:\\\/\\\/kckdental.com\\\/wp-content\\\/uploads\\\/2015\\\/06\\\/photodune-4656723-healthy-teeth-m1.jpg\",\"datePublished\":\"2015-08-25T14:59:30+00:00\",\"dateModified\":\"2015-08-25T15:00:06+00:00\",\"breadcrumb\":{\"@id\":\"https:\\\/\\\/kckdental.com\\\/es\\\/el-blanqueamiento-dental-para-toda-la-vida\\\/#breadcrumb\"},\"inLanguage\":\"es-ES\",\"potentialAction\":[{\"@type\":\"ReadAction\",\"target\":[\"https:\\\/\\\/kckdental.com\\\/es\\\/el-blanqueamiento-dental-para-toda-la-vida\\\/\"]}]},{\"@type\":\"ImageObject\",\"inLanguage\":\"es-ES\",\"@id\":\"https:\\\/\\\/kckdental.com\\\/es\\\/el-blanqueamiento-dental-para-toda-la-vida\\\/#primaryimage\",\"url\":\"https:\\\/\\\/kckdental.com\\\/wp-content\\\/uploads\\\/2015\\\/06\\\/photodune-4656723-healthy-teeth-m1.jpg\",\"contentUrl\":\"https:\\\/\\\/kckdental.com\\\/wp-content\\\/uploads\\\/2015\\\/06\\\/photodune-4656723-healthy-teeth-m1.jpg\",\"width\":1800,\"height\":1124,\"caption\":\"close up of bright smile with healthy teeth\"},{\"@type\":\"BreadcrumbList\",\"@id\":\"https:\\\/\\\/kckdental.com\\\/es\\\/el-blanqueamiento-dental-para-toda-la-vida\\\/#breadcrumb\",\"itemListElement\":[{\"@type\":\"ListItem\",\"position\":1,\"name\":\"Home\",\"item\":\"https:\\\/\\\/kckdental.com\\\/es\\\/\"},{\"@type\":\"ListItem\",\"position\":2,\"name\":\"El blanqueamiento dental para toda la vida\"}]},{\"@type\":\"WebSite\",\"@id\":\"https:\\\/\\\/kckdental.com\\\/#website\",\"url\":\"https:\\\/\\\/kckdental.com\\\/\",\"name\":\"Kansas City Kansas Dental Professionals P.A.\",\"description\":false,\"potentialAction\":[{\"@type\":\"SearchAction\",\"target\":{\"@type\":\"EntryPoint\",\"urlTemplate\":\"https:\\\/\\\/kckdental.com\\\/?s={search_term_string}\"},\"query-input\":{\"@type\":\"PropertyValueSpecification\",\"valueRequired\":true,\"valueName\":\"search_term_string\"}}],\"inLanguage\":\"es-ES\"}]}<\/script>\n<!-- \/ Yoast SEO plugin. -->","yoast_head_json":{"title":"El blanqueamiento dental para toda la vida - Kansas City Kansas Dental Professionals P.A.","robots":{"index":"index","follow":"follow","max-snippet":"max-snippet:-1","max-image-preview":"max-image-preview:large","max-video-preview":"max-video-preview:-1"},"canonical":"https:\/\/kckdental.com\/es\/el-blanqueamiento-dental-para-toda-la-vida\/","og_locale":"es_ES","og_type":"article","og_title":"El blanqueamiento dental para toda la vida - Kansas City Kansas Dental Professionals P.A.","og_description":"Blanqueamiento Dental para el programa de la vida Blanqueamiento dental por la Vida a un costo de $ 59!!!! Este nuevo programa incluye bandejas de blanqueo superior e inferior, tres jeringas de blanqueo y una comprobaci\u00f3n inicial de sombra. Mantenimiento exitoso de su\u00a0 (limpieza) cita de seis meses le permite recibir una jeringa de blanqueo &hellip; Continued","og_url":"https:\/\/kckdental.com\/es\/el-blanqueamiento-dental-para-toda-la-vida\/","og_site_name":"Kansas City Kansas Dental Professionals P.A.","article_modified_time":"2015-08-25T15:00:06+00:00","og_image":[{"width":1800,"height":1124,"url":"https:\/\/secureservercdn.net\/166.62.104.68\/2gx.3ff.myftpupload.com\/wp-content\/uploads\/2015\/06\/photodune-4656723-healthy-teeth-m1.jpg?time=1640880606","type":"image\/jpeg"}],"twitter_misc":{"Est. reading time":"2 minutes"},"schema":{"@context":"https:\/\/schema.org","@graph":[{"@type":"WebPage","@id":"https:\/\/kckdental.com\/es\/el-blanqueamiento-dental-para-toda-la-vida\/","url":"https:\/\/kckdental.com\/es\/el-blanqueamiento-dental-para-toda-la-vida\/","name":"El blanqueamiento dental para toda la vida - Kansas City Kansas Dental Professionals P.A.","isPartOf":{"@id":"https:\/\/kckdental.com\/#website"},"primaryImageOfPage":{"@id":"https:\/\/kckdental.com\/es\/el-blanqueamiento-dental-para-toda-la-vida\/#primaryimage"},"image":{"@id":"https:\/\/kckdental.com\/es\/el-blanqueamiento-dental-para-toda-la-vida\/#primaryimage"},"thumbnailUrl":"https:\/\/kckdental.com\/wp-content\/uploads\/2015\/06\/photodune-4656723-healthy-teeth-m1.jpg","datePublished":"2015-08-25T14:59:30+00:00","dateModified":"2015-08-25T15:00:06+00:00","breadcrumb":{"@id":"https:\/\/kckdental.com\/es\/el-blanqueamiento-dental-para-toda-la-vida\/#breadcrumb"},"inLanguage":"es-ES","potentialAction":[{"@type":"ReadAction","target":["https:\/\/kckdental.com\/es\/el-blanqueamiento-dental-para-toda-la-vida\/"]}]},{"@type":"ImageObject","inLanguage":"es-ES","@id":"https:\/\/kckdental.com\/es\/el-blanqueamiento-dental-para-toda-la-vida\/#primaryimage","url":"https:\/\/kckdental.com\/wp-content\/uploads\/2015\/06\/photodune-4656723-healthy-teeth-m1.jpg","contentUrl":"https:\/\/kckdental.com\/wp-content\/uploads\/2015\/06\/photodune-4656723-healthy-teeth-m1.jpg","width":1800,"height":1124,"caption":"close up of bright smile with healthy teeth"},{"@type":"BreadcrumbList","@id":"https:\/\/kckdental.com\/es\/el-blanqueamiento-dental-para-toda-la-vida\/#breadcrumb","itemListElement":[{"@type":"ListItem","position":1,"name":"Home","item":"https:\/\/kckdental.com\/es\/"},{"@type":"ListItem","position":2,"name":"El blanqueamiento dental para toda la vida"}]},{"@type":"WebSite","@id":"https:\/\/kckdental.com\/#website","url":"https:\/\/kckdental.com\/","name":"Kansas City Kansas Dental Professionals P.A.","description":false,"potentialAction":[{"@type":"SearchAction","target":{"@type":"EntryPoint","urlTemplate":"https:\/\/kckdental.com\/?s={search_term_string}"},"query-input":{"@type":"PropertyValueSpecification","valueRequired":true,"valueName":"search_term_string"}}],"inLanguage":"es-ES"}]}},"_links":{"self":[{"href":"https:\/\/kckdental.com\/es\/wp-json\/wp\/v2\/pages\/225","targetHints":{"allow":["GET"]}}],"collection":[{"href":"https:\/\/kckdental.com\/es\/wp-json\/wp\/v2\/pages"}],"about":[{"href":"https:\/\/kckdental.com\/es\/wp-json\/wp\/v2\/types\/page"}],"author":[{"embeddable":true,"href":"https:\/\/kckdental.com\/es\/wp-json\/wp\/v2\/users\/1"}],"replies":[{"embeddable":true,"href":"https:\/\/kckdental.com\/es\/wp-json\/wp\/v2\/comments?post=225"}],"version-history":[{"count":0,"href":"https:\/\/kckdental.com\/es\/wp-json\/wp\/v2\/pages\/225\/revisions"}],"wp:featuredmedia":[{"embeddable":true,"href":"https:\/\/kckdental.com\/es\/wp-json\/wp\/v2\/media\/206"}],"wp:attachment":[{"href":"https:\/\/kckdental.com\/es\/wp-json\/wp\/v2\/media?parent=225"}],"curies":[{"name":"wp","href":"https:\/\/api.w.org\/{rel}","templated":true}]}}