{"id":224,"date":"2015-08-25T09:51:31","date_gmt":"2015-08-25T14:51:31","guid":{"rendered":"https:\/\/kckdental.com\/es\/?page_id=224"},"modified":"2015-08-25T09:56:39","modified_gmt":"2015-08-25T14:56:39","slug":"politica-financiera-y-seguro","status":"publish","type":"page","link":"https:\/\/kckdental.com\/es\/politica-financiera-y-seguro\/","title":{"rendered":"Pol\u00edtica financiera y seguro"},"content":{"rendered":"<p>KCKDP trabajar\u00e1 con usted para hacer el pago de su cuidado dental lo m\u00e1s econ\u00f3mico\u00a0 posible. Pueden existir opciones convenientes para ayudarle a obtener la atenci\u00f3n que necesita. El pago se espera en el momento de servicio. Trabajamos con las principales compa\u00f1\u00edas de seguros dentales y nuestro personal<br \/>\nde contabilidad intentar\u00e1 maximizar sus beneficios para compensar el gasto de bolsillo.<\/p>\n","protected":false},"excerpt":{"rendered":"<p>KCKDP trabajar\u00e1 con usted para hacer el pago de su cuidado dental lo m\u00e1s econ\u00f3mico\u00a0 posible. Pueden existir opciones convenientes para ayudarle a obtener la atenci\u00f3n que necesita. El pago se espera en el momento de servicio. Trabajamos con las principales compa\u00f1\u00edas de seguros dentales y nuestro personal de contabilidad intentar\u00e1 maximizar sus beneficios para &hellip; <a href=\"https:\/\/kckdental.com\/es\/politica-financiera-y-seguro\/\">Continued<\/a><\/p>\n","protected":false},"author":1,"featured_media":0,"parent":0,"menu_order":0,"comment_status":"open","ping_status":"open","template":"templates\/template-insurance.php","meta":{"footnotes":""},"class_list":["post-224","page","type-page","status-publish","hentry"],"yoast_head":"<!-- This site is optimized with the Yoast SEO plugin v27.4 - https:\/\/yoast.com\/product\/yoast-seo-wordpress\/ -->\n<title>Pol\u00edtica financiera y seguro - Kansas City Kansas Dental Professionals P.A.<\/title>\n<meta name=\"robots\" content=\"index, follow, max-snippet:-1, max-image-preview:large, max-video-preview:-1\" \/>\n<link rel=\"canonical\" href=\"https:\/\/kckdental.com\/es\/politica-financiera-y-seguro\/\" \/>\n<meta property=\"og:locale\" content=\"es_ES\" \/>\n<meta property=\"og:type\" content=\"article\" \/>\n<meta property=\"og:title\" content=\"Pol\u00edtica financiera y seguro - Kansas City Kansas Dental Professionals P.A.\" \/>\n<meta property=\"og:description\" content=\"KCKDP trabajar\u00e1 con usted para hacer el pago de su cuidado dental lo m\u00e1s econ\u00f3mico\u00a0 posible. Pueden existir opciones convenientes para ayudarle a obtener la atenci\u00f3n que necesita. El pago se espera en el momento de servicio. Trabajamos con las principales compa\u00f1\u00edas de seguros dentales y nuestro personal de contabilidad intentar\u00e1 maximizar sus beneficios para &hellip; Continued\" \/>\n<meta property=\"og:url\" content=\"https:\/\/kckdental.com\/es\/politica-financiera-y-seguro\/\" \/>\n<meta property=\"og:site_name\" content=\"Kansas City Kansas Dental Professionals P.A.\" \/>\n<meta property=\"article:modified_time\" content=\"2015-08-25T14:56:39+00:00\" \/>\n<script type=\"application\/ld+json\" class=\"yoast-schema-graph\">{\"@context\":\"https:\\\/\\\/schema.org\",\"@graph\":[{\"@type\":\"WebPage\",\"@id\":\"https:\\\/\\\/kckdental.com\\\/es\\\/politica-financiera-y-seguro\\\/\",\"url\":\"https:\\\/\\\/kckdental.com\\\/es\\\/politica-financiera-y-seguro\\\/\",\"name\":\"Pol\u00edtica financiera y seguro - Kansas City Kansas Dental Professionals P.A.\",\"isPartOf\":{\"@id\":\"https:\\\/\\\/kckdental.com\\\/#website\"},\"datePublished\":\"2015-08-25T14:51:31+00:00\",\"dateModified\":\"2015-08-25T14:56:39+00:00\",\"breadcrumb\":{\"@id\":\"https:\\\/\\\/kckdental.com\\\/es\\\/politica-financiera-y-seguro\\\/#breadcrumb\"},\"inLanguage\":\"es-ES\",\"potentialAction\":[{\"@type\":\"ReadAction\",\"target\":[\"https:\\\/\\\/kckdental.com\\\/es\\\/politica-financiera-y-seguro\\\/\"]}]},{\"@type\":\"BreadcrumbList\",\"@id\":\"https:\\\/\\\/kckdental.com\\\/es\\\/politica-financiera-y-seguro\\\/#breadcrumb\",\"itemListElement\":[{\"@type\":\"ListItem\",\"position\":1,\"name\":\"Home\",\"item\":\"https:\\\/\\\/kckdental.com\\\/es\\\/\"},{\"@type\":\"ListItem\",\"position\":2,\"name\":\"Pol\u00edtica financiera y seguro\"}]},{\"@type\":\"WebSite\",\"@id\":\"https:\\\/\\\/kckdental.com\\\/#website\",\"url\":\"https:\\\/\\\/kckdental.com\\\/\",\"name\":\"Kansas City Kansas Dental Professionals P.A.\",\"description\":false,\"potentialAction\":[{\"@type\":\"SearchAction\",\"target\":{\"@type\":\"EntryPoint\",\"urlTemplate\":\"https:\\\/\\\/kckdental.com\\\/?s={search_term_string}\"},\"query-input\":{\"@type\":\"PropertyValueSpecification\",\"valueRequired\":true,\"valueName\":\"search_term_string\"}}],\"inLanguage\":\"es-ES\"}]}<\/script>\n<!-- \/ Yoast SEO plugin. -->","yoast_head_json":{"title":"Pol\u00edtica financiera y seguro - Kansas City Kansas Dental Professionals P.A.","robots":{"index":"index","follow":"follow","max-snippet":"max-snippet:-1","max-image-preview":"max-image-preview:large","max-video-preview":"max-video-preview:-1"},"canonical":"https:\/\/kckdental.com\/es\/politica-financiera-y-seguro\/","og_locale":"es_ES","og_type":"article","og_title":"Pol\u00edtica financiera y seguro - Kansas City Kansas Dental Professionals P.A.","og_description":"KCKDP trabajar\u00e1 con usted para hacer el pago de su cuidado dental lo m\u00e1s econ\u00f3mico\u00a0 posible. Pueden existir opciones convenientes para ayudarle a obtener la atenci\u00f3n que necesita. El pago se espera en el momento de servicio. Trabajamos con las principales compa\u00f1\u00edas de seguros dentales y nuestro personal de contabilidad intentar\u00e1 maximizar sus beneficios para &hellip; Continued","og_url":"https:\/\/kckdental.com\/es\/politica-financiera-y-seguro\/","og_site_name":"Kansas City Kansas Dental Professionals P.A.","article_modified_time":"2015-08-25T14:56:39+00:00","schema":{"@context":"https:\/\/schema.org","@graph":[{"@type":"WebPage","@id":"https:\/\/kckdental.com\/es\/politica-financiera-y-seguro\/","url":"https:\/\/kckdental.com\/es\/politica-financiera-y-seguro\/","name":"Pol\u00edtica financiera y seguro - Kansas City Kansas Dental Professionals P.A.","isPartOf":{"@id":"https:\/\/kckdental.com\/#website"},"datePublished":"2015-08-25T14:51:31+00:00","dateModified":"2015-08-25T14:56:39+00:00","breadcrumb":{"@id":"https:\/\/kckdental.com\/es\/politica-financiera-y-seguro\/#breadcrumb"},"inLanguage":"es-ES","potentialAction":[{"@type":"ReadAction","target":["https:\/\/kckdental.com\/es\/politica-financiera-y-seguro\/"]}]},{"@type":"BreadcrumbList","@id":"https:\/\/kckdental.com\/es\/politica-financiera-y-seguro\/#breadcrumb","itemListElement":[{"@type":"ListItem","position":1,"name":"Home","item":"https:\/\/kckdental.com\/es\/"},{"@type":"ListItem","position":2,"name":"Pol\u00edtica financiera y seguro"}]},{"@type":"WebSite","@id":"https:\/\/kckdental.com\/#website","url":"https:\/\/kckdental.com\/","name":"Kansas City Kansas Dental Professionals P.A.","description":false,"potentialAction":[{"@type":"SearchAction","target":{"@type":"EntryPoint","urlTemplate":"https:\/\/kckdental.com\/?s={search_term_string}"},"query-input":{"@type":"PropertyValueSpecification","valueRequired":true,"valueName":"search_term_string"}}],"inLanguage":"es-ES"}]}},"_links":{"self":[{"href":"https:\/\/kckdental.com\/es\/wp-json\/wp\/v2\/pages\/224","targetHints":{"allow":["GET"]}}],"collection":[{"href":"https:\/\/kckdental.com\/es\/wp-json\/wp\/v2\/pages"}],"about":[{"href":"https:\/\/kckdental.com\/es\/wp-json\/wp\/v2\/types\/page"}],"author":[{"embeddable":true,"href":"https:\/\/kckdental.com\/es\/wp-json\/wp\/v2\/users\/1"}],"replies":[{"embeddable":true,"href":"https:\/\/kckdental.com\/es\/wp-json\/wp\/v2\/comments?post=224"}],"version-history":[{"count":0,"href":"https:\/\/kckdental.com\/es\/wp-json\/wp\/v2\/pages\/224\/revisions"}],"wp:attachment":[{"href":"https:\/\/kckdental.com\/es\/wp-json\/wp\/v2\/media?parent=224"}],"curies":[{"name":"wp","href":"https:\/\/api.w.org\/{rel}","templated":true}]}}