{"id":216,"date":"2015-08-25T08:14:41","date_gmt":"2015-08-25T13:14:41","guid":{"rendered":"https:\/\/kckdental.com\/es\/?page_id=216"},"modified":"2015-08-25T08:39:59","modified_gmt":"2015-08-25T13:39:59","slug":"su-primera-visita","status":"publish","type":"page","link":"https:\/\/kckdental.com\/es\/su-primera-visita\/","title":{"rendered":"Su primera visita"},"content":{"rendered":"<p>-lo que se puede esperar en su primera cita Su comodidad es nuestra prioridad. Por favor, deje saber  a nuestro equipo de cualquier ansiedad que pueda tener acerca de su cita para que podamos hacer los arreglos para su visita.<br \/>\nNuestra oficina de nuevo dise\u00f1o ofrece un ambiente relajante y cuenta con televisi\u00f3n por cable en cada sala de tratamiento, sillas c\u00f3modas y un personal amable. Nuestro radiograf\u00edas digitales ofrecen hasta 80% menos radiaci\u00f3n que la radiograf\u00edas tradicional.<br \/>\nTambi\u00e9n vamos a tomar fotos de todos y cada uno de los dientes para que pueda entender completamente su plan de tratamiento Si usted tiene preguntas sobre su plan de atenci\u00f3n, recursos de v\u00eddeo est\u00e1n disponibles en ingl\u00e9s y espa\u00f1ol. Personal biling\u00fce est\u00e1 disponible para servicios de traducci\u00f3n.<\/p>\n","protected":false},"excerpt":{"rendered":"<p>-lo que se puede esperar en su primera cita Su comodidad es nuestra prioridad. Por favor, deje saber a nuestro equipo de cualquier ansiedad que pueda tener acerca de su cita para que podamos hacer los arreglos para su visita. Nuestra oficina de nuevo dise\u00f1o ofrece un ambiente relajante y cuenta con televisi\u00f3n por cable &hellip; <a href=\"https:\/\/kckdental.com\/es\/su-primera-visita\/\">Continued<\/a><\/p>\n","protected":false},"author":1,"featured_media":94,"parent":0,"menu_order":0,"comment_status":"open","ping_status":"open","template":"templates\/template-patients.php","meta":{"footnotes":""},"class_list":["post-216","page","type-page","status-publish","has-post-thumbnail","hentry"],"yoast_head":"<!-- This site is optimized with the Yoast SEO plugin v27.6 - https:\/\/yoast.com\/product\/yoast-seo-wordpress\/ -->\n<title>Su primera visita - Kansas City Kansas Dental Professionals P.A.<\/title>\n<meta name=\"robots\" content=\"index, follow, max-snippet:-1, max-image-preview:large, max-video-preview:-1\" \/>\n<link rel=\"canonical\" href=\"https:\/\/kckdental.com\/es\/su-primera-visita\/\" \/>\n<meta property=\"og:locale\" content=\"es_ES\" \/>\n<meta property=\"og:type\" content=\"article\" \/>\n<meta property=\"og:title\" content=\"Su primera visita - Kansas City Kansas Dental Professionals P.A.\" \/>\n<meta property=\"og:description\" content=\"-lo que se puede esperar en su primera cita Su comodidad es nuestra prioridad. Por favor, deje saber a nuestro equipo de cualquier ansiedad que pueda tener acerca de su cita para que podamos hacer los arreglos para su visita. Nuestra oficina de nuevo dise\u00f1o ofrece un ambiente relajante y cuenta con televisi\u00f3n por cable &hellip; Continued\" \/>\n<meta property=\"og:url\" content=\"https:\/\/kckdental.com\/es\/su-primera-visita\/\" \/>\n<meta property=\"og:site_name\" content=\"Kansas City Kansas Dental Professionals P.A.\" \/>\n<meta property=\"article:modified_time\" content=\"2015-08-25T13:39:59+00:00\" \/>\n<meta property=\"og:image\" content=\"https:\/\/secureservercdn.net\/166.62.104.68\/2gx.3ff.myftpupload.com\/wp-content\/uploads\/2015\/06\/xray1.jpg?time=1640880606\" \/>\n\t<meta property=\"og:image:width\" content=\"1800\" \/>\n\t<meta property=\"og:image:height\" content=\"737\" \/>\n\t<meta property=\"og:image:type\" content=\"image\/jpeg\" \/>\n<meta name=\"twitter:label1\" content=\"Est. reading time\" \/>\n\t<meta name=\"twitter:data1\" content=\"1 minute\" \/>\n<script type=\"application\/ld+json\" class=\"yoast-schema-graph\">{\"@context\":\"https:\\\/\\\/schema.org\",\"@graph\":[{\"@type\":\"WebPage\",\"@id\":\"https:\\\/\\\/kckdental.com\\\/es\\\/su-primera-visita\\\/\",\"url\":\"https:\\\/\\\/kckdental.com\\\/es\\\/su-primera-visita\\\/\",\"name\":\"Su primera visita - Kansas City Kansas Dental Professionals P.A.\",\"isPartOf\":{\"@id\":\"https:\\\/\\\/kckdental.com\\\/#website\"},\"primaryImageOfPage\":{\"@id\":\"https:\\\/\\\/kckdental.com\\\/es\\\/su-primera-visita\\\/#primaryimage\"},\"image\":{\"@id\":\"https:\\\/\\\/kckdental.com\\\/es\\\/su-primera-visita\\\/#primaryimage\"},\"thumbnailUrl\":\"https:\\\/\\\/kckdental.com\\\/wp-content\\\/uploads\\\/2015\\\/06\\\/xray1.jpg\",\"datePublished\":\"2015-08-25T13:14:41+00:00\",\"dateModified\":\"2015-08-25T13:39:59+00:00\",\"breadcrumb\":{\"@id\":\"https:\\\/\\\/kckdental.com\\\/es\\\/su-primera-visita\\\/#breadcrumb\"},\"inLanguage\":\"es-ES\",\"potentialAction\":[{\"@type\":\"ReadAction\",\"target\":[\"https:\\\/\\\/kckdental.com\\\/es\\\/su-primera-visita\\\/\"]}]},{\"@type\":\"ImageObject\",\"inLanguage\":\"es-ES\",\"@id\":\"https:\\\/\\\/kckdental.com\\\/es\\\/su-primera-visita\\\/#primaryimage\",\"url\":\"https:\\\/\\\/kckdental.com\\\/wp-content\\\/uploads\\\/2015\\\/06\\\/xray1.jpg\",\"contentUrl\":\"https:\\\/\\\/kckdental.com\\\/wp-content\\\/uploads\\\/2015\\\/06\\\/xray1.jpg\",\"width\":1800,\"height\":737,\"caption\":\"Panoramic dental X-Ray\"},{\"@type\":\"BreadcrumbList\",\"@id\":\"https:\\\/\\\/kckdental.com\\\/es\\\/su-primera-visita\\\/#breadcrumb\",\"itemListElement\":[{\"@type\":\"ListItem\",\"position\":1,\"name\":\"Home\",\"item\":\"https:\\\/\\\/kckdental.com\\\/es\\\/\"},{\"@type\":\"ListItem\",\"position\":2,\"name\":\"Su primera visita\"}]},{\"@type\":\"WebSite\",\"@id\":\"https:\\\/\\\/kckdental.com\\\/#website\",\"url\":\"https:\\\/\\\/kckdental.com\\\/\",\"name\":\"Kansas City Kansas Dental Professionals P.A.\",\"description\":false,\"potentialAction\":[{\"@type\":\"SearchAction\",\"target\":{\"@type\":\"EntryPoint\",\"urlTemplate\":\"https:\\\/\\\/kckdental.com\\\/?s={search_term_string}\"},\"query-input\":{\"@type\":\"PropertyValueSpecification\",\"valueRequired\":true,\"valueName\":\"search_term_string\"}}],\"inLanguage\":\"es-ES\"}]}<\/script>\n<!-- \/ Yoast SEO plugin. -->","yoast_head_json":{"title":"Su primera visita - Kansas City Kansas Dental Professionals P.A.","robots":{"index":"index","follow":"follow","max-snippet":"max-snippet:-1","max-image-preview":"max-image-preview:large","max-video-preview":"max-video-preview:-1"},"canonical":"https:\/\/kckdental.com\/es\/su-primera-visita\/","og_locale":"es_ES","og_type":"article","og_title":"Su primera visita - Kansas City Kansas Dental Professionals P.A.","og_description":"-lo que se puede esperar en su primera cita Su comodidad es nuestra prioridad. Por favor, deje saber a nuestro equipo de cualquier ansiedad que pueda tener acerca de su cita para que podamos hacer los arreglos para su visita. Nuestra oficina de nuevo dise\u00f1o ofrece un ambiente relajante y cuenta con televisi\u00f3n por cable &hellip; Continued","og_url":"https:\/\/kckdental.com\/es\/su-primera-visita\/","og_site_name":"Kansas City Kansas Dental Professionals P.A.","article_modified_time":"2015-08-25T13:39:59+00:00","og_image":[{"width":1800,"height":737,"url":"https:\/\/secureservercdn.net\/166.62.104.68\/2gx.3ff.myftpupload.com\/wp-content\/uploads\/2015\/06\/xray1.jpg?time=1640880606","type":"image\/jpeg"}],"twitter_misc":{"Est. reading time":"1 minute"},"schema":{"@context":"https:\/\/schema.org","@graph":[{"@type":"WebPage","@id":"https:\/\/kckdental.com\/es\/su-primera-visita\/","url":"https:\/\/kckdental.com\/es\/su-primera-visita\/","name":"Su primera visita - Kansas City Kansas Dental Professionals P.A.","isPartOf":{"@id":"https:\/\/kckdental.com\/#website"},"primaryImageOfPage":{"@id":"https:\/\/kckdental.com\/es\/su-primera-visita\/#primaryimage"},"image":{"@id":"https:\/\/kckdental.com\/es\/su-primera-visita\/#primaryimage"},"thumbnailUrl":"https:\/\/kckdental.com\/wp-content\/uploads\/2015\/06\/xray1.jpg","datePublished":"2015-08-25T13:14:41+00:00","dateModified":"2015-08-25T13:39:59+00:00","breadcrumb":{"@id":"https:\/\/kckdental.com\/es\/su-primera-visita\/#breadcrumb"},"inLanguage":"es-ES","potentialAction":[{"@type":"ReadAction","target":["https:\/\/kckdental.com\/es\/su-primera-visita\/"]}]},{"@type":"ImageObject","inLanguage":"es-ES","@id":"https:\/\/kckdental.com\/es\/su-primera-visita\/#primaryimage","url":"https:\/\/kckdental.com\/wp-content\/uploads\/2015\/06\/xray1.jpg","contentUrl":"https:\/\/kckdental.com\/wp-content\/uploads\/2015\/06\/xray1.jpg","width":1800,"height":737,"caption":"Panoramic dental X-Ray"},{"@type":"BreadcrumbList","@id":"https:\/\/kckdental.com\/es\/su-primera-visita\/#breadcrumb","itemListElement":[{"@type":"ListItem","position":1,"name":"Home","item":"https:\/\/kckdental.com\/es\/"},{"@type":"ListItem","position":2,"name":"Su primera visita"}]},{"@type":"WebSite","@id":"https:\/\/kckdental.com\/#website","url":"https:\/\/kckdental.com\/","name":"Kansas City Kansas Dental Professionals P.A.","description":false,"potentialAction":[{"@type":"SearchAction","target":{"@type":"EntryPoint","urlTemplate":"https:\/\/kckdental.com\/?s={search_term_string}"},"query-input":{"@type":"PropertyValueSpecification","valueRequired":true,"valueName":"search_term_string"}}],"inLanguage":"es-ES"}]}},"_links":{"self":[{"href":"https:\/\/kckdental.com\/es\/wp-json\/wp\/v2\/pages\/216","targetHints":{"allow":["GET"]}}],"collection":[{"href":"https:\/\/kckdental.com\/es\/wp-json\/wp\/v2\/pages"}],"about":[{"href":"https:\/\/kckdental.com\/es\/wp-json\/wp\/v2\/types\/page"}],"author":[{"embeddable":true,"href":"https:\/\/kckdental.com\/es\/wp-json\/wp\/v2\/users\/1"}],"replies":[{"embeddable":true,"href":"https:\/\/kckdental.com\/es\/wp-json\/wp\/v2\/comments?post=216"}],"version-history":[{"count":0,"href":"https:\/\/kckdental.com\/es\/wp-json\/wp\/v2\/pages\/216\/revisions"}],"wp:featuredmedia":[{"embeddable":true,"href":"https:\/\/kckdental.com\/es\/wp-json\/wp\/v2\/media\/94"}],"wp:attachment":[{"href":"https:\/\/kckdental.com\/es\/wp-json\/wp\/v2\/media?parent=216"}],"curies":[{"name":"wp","href":"https:\/\/api.w.org\/{rel}","templated":true}]}}