{"id":215,"date":"2015-08-25T08:09:44","date_gmt":"2015-08-25T13:09:44","guid":{"rendered":"https:\/\/kckdental.com\/es\/?page_id=215"},"modified":"2015-08-25T08:09:44","modified_gmt":"2015-08-25T13:09:44","slug":"nuestra-filosofia","status":"publish","type":"page","link":"https:\/\/kckdental.com\/es\/","title":{"rendered":"Nuestra Filosof\u00eda"},"content":{"rendered":"<p>Desde 2009, Kansas City Kansas Dental Professionals ha estado proporcionando a nuestros pacientes una experiencia dental excelente de principio a fin. Hemos creado un ambiente agradable, c\u00f3modo utilizando tratamiento innovador con tecnolog\u00eda moderna. Nuestro equipo est\u00e1 aqu\u00ed para asegurarse de que en su visita, usted tendr\u00e1 una buena comprensi\u00f3n de su salud dental y sus opciones de tratamiento. Junto con nuestro ambiente relajante, Kansas City Kansas Dental Professionals  ofrece a nuestros pacientes horas extendidas con S\u00e1bado disponible, cobertura de seguro econ\u00f3mico  que incluye, un precio barato en el plan dental de oficina y opciones de pago. Esta es la diferencia de Kansas City Kansas Dental Profesional.<\/p>\n","protected":false},"excerpt":{"rendered":"<p>Desde 2009, Kansas City Kansas Dental Professionals ha estado proporcionando a nuestros pacientes una experiencia dental excelente de principio a fin. Hemos creado un ambiente agradable, c\u00f3modo utilizando tratamiento innovador con tecnolog\u00eda moderna. Nuestro equipo est\u00e1 aqu\u00ed para asegurarse de que en su visita, usted tendr\u00e1 una buena comprensi\u00f3n de su salud dental y sus &hellip; <a href=\"https:\/\/kckdental.com\/es\/\">Continued<\/a><\/p>\n","protected":false},"author":1,"featured_media":0,"parent":0,"menu_order":-1,"comment_status":"open","ping_status":"open","template":"templates\/template-home.php","meta":{"footnotes":""},"class_list":["post-215","page","type-page","status-publish","hentry"],"yoast_head":"<!-- This site is optimized with the Yoast SEO plugin v27.5 - https:\/\/yoast.com\/product\/yoast-seo-wordpress\/ -->\n<title>Nuestra Filosof\u00eda - Kansas City Kansas Dental Professionals P.A.<\/title>\n<meta name=\"robots\" content=\"index, follow, max-snippet:-1, max-image-preview:large, max-video-preview:-1\" \/>\n<link rel=\"canonical\" href=\"https:\/\/kckdental.com\/es\/\" \/>\n<meta property=\"og:locale\" content=\"es_ES\" \/>\n<meta property=\"og:type\" content=\"article\" \/>\n<meta property=\"og:title\" content=\"Nuestra Filosof\u00eda - Kansas City Kansas Dental Professionals P.A.\" \/>\n<meta property=\"og:description\" content=\"Desde 2009, Kansas City Kansas Dental Professionals ha estado proporcionando a nuestros pacientes una experiencia dental excelente de principio a fin. Hemos creado un ambiente agradable, c\u00f3modo utilizando tratamiento innovador con tecnolog\u00eda moderna. Nuestro equipo est\u00e1 aqu\u00ed para asegurarse de que en su visita, usted tendr\u00e1 una buena comprensi\u00f3n de su salud dental y sus &hellip; Continued\" \/>\n<meta property=\"og:url\" content=\"https:\/\/kckdental.com\/es\/\" \/>\n<meta property=\"og:site_name\" content=\"Kansas City Kansas Dental Professionals P.A.\" \/>\n<meta name=\"twitter:label1\" content=\"Est. reading time\" \/>\n\t<meta name=\"twitter:data1\" content=\"1 minute\" \/>\n<script type=\"application\/ld+json\" class=\"yoast-schema-graph\">{\"@context\":\"https:\\\/\\\/schema.org\",\"@graph\":[{\"@type\":\"WebPage\",\"@id\":\"https:\\\/\\\/kckdental.com\\\/es\\\/\",\"url\":\"https:\\\/\\\/kckdental.com\\\/es\\\/\",\"name\":\"Nuestra Filosof\u00eda - Kansas City Kansas Dental Professionals P.A.\",\"isPartOf\":{\"@id\":\"https:\\\/\\\/kckdental.com\\\/#website\"},\"datePublished\":\"2015-08-25T13:09:44+00:00\",\"breadcrumb\":{\"@id\":\"https:\\\/\\\/kckdental.com\\\/es\\\/#breadcrumb\"},\"inLanguage\":\"es-ES\",\"potentialAction\":[{\"@type\":\"ReadAction\",\"target\":[\"https:\\\/\\\/kckdental.com\\\/es\\\/\"]}]},{\"@type\":\"BreadcrumbList\",\"@id\":\"https:\\\/\\\/kckdental.com\\\/es\\\/#breadcrumb\",\"itemListElement\":[{\"@type\":\"ListItem\",\"position\":1,\"name\":\"Home\",\"item\":\"https:\\\/\\\/kckdental.com\\\/es\\\/\"},{\"@type\":\"ListItem\",\"position\":2,\"name\":\"Nuestra Filosof\u00eda\"}]},{\"@type\":\"WebSite\",\"@id\":\"https:\\\/\\\/kckdental.com\\\/#website\",\"url\":\"https:\\\/\\\/kckdental.com\\\/\",\"name\":\"Kansas City Kansas Dental Professionals P.A.\",\"description\":false,\"potentialAction\":[{\"@type\":\"SearchAction\",\"target\":{\"@type\":\"EntryPoint\",\"urlTemplate\":\"https:\\\/\\\/kckdental.com\\\/?s={search_term_string}\"},\"query-input\":{\"@type\":\"PropertyValueSpecification\",\"valueRequired\":true,\"valueName\":\"search_term_string\"}}],\"inLanguage\":\"es-ES\"}]}<\/script>\n<!-- \/ Yoast SEO plugin. -->","yoast_head_json":{"title":"Nuestra Filosof\u00eda - Kansas City Kansas Dental Professionals P.A.","robots":{"index":"index","follow":"follow","max-snippet":"max-snippet:-1","max-image-preview":"max-image-preview:large","max-video-preview":"max-video-preview:-1"},"canonical":"https:\/\/kckdental.com\/es\/","og_locale":"es_ES","og_type":"article","og_title":"Nuestra Filosof\u00eda - Kansas City Kansas Dental Professionals P.A.","og_description":"Desde 2009, Kansas City Kansas Dental Professionals ha estado proporcionando a nuestros pacientes una experiencia dental excelente de principio a fin. Hemos creado un ambiente agradable, c\u00f3modo utilizando tratamiento innovador con tecnolog\u00eda moderna. Nuestro equipo est\u00e1 aqu\u00ed para asegurarse de que en su visita, usted tendr\u00e1 una buena comprensi\u00f3n de su salud dental y sus &hellip; Continued","og_url":"https:\/\/kckdental.com\/es\/","og_site_name":"Kansas City Kansas Dental Professionals P.A.","twitter_misc":{"Est. reading time":"1 minute"},"schema":{"@context":"https:\/\/schema.org","@graph":[{"@type":"WebPage","@id":"https:\/\/kckdental.com\/es\/","url":"https:\/\/kckdental.com\/es\/","name":"Nuestra Filosof\u00eda - Kansas City Kansas Dental Professionals P.A.","isPartOf":{"@id":"https:\/\/kckdental.com\/#website"},"datePublished":"2015-08-25T13:09:44+00:00","breadcrumb":{"@id":"https:\/\/kckdental.com\/es\/#breadcrumb"},"inLanguage":"es-ES","potentialAction":[{"@type":"ReadAction","target":["https:\/\/kckdental.com\/es\/"]}]},{"@type":"BreadcrumbList","@id":"https:\/\/kckdental.com\/es\/#breadcrumb","itemListElement":[{"@type":"ListItem","position":1,"name":"Home","item":"https:\/\/kckdental.com\/es\/"},{"@type":"ListItem","position":2,"name":"Nuestra Filosof\u00eda"}]},{"@type":"WebSite","@id":"https:\/\/kckdental.com\/#website","url":"https:\/\/kckdental.com\/","name":"Kansas City Kansas Dental Professionals P.A.","description":false,"potentialAction":[{"@type":"SearchAction","target":{"@type":"EntryPoint","urlTemplate":"https:\/\/kckdental.com\/?s={search_term_string}"},"query-input":{"@type":"PropertyValueSpecification","valueRequired":true,"valueName":"search_term_string"}}],"inLanguage":"es-ES"}]}},"_links":{"self":[{"href":"https:\/\/kckdental.com\/es\/wp-json\/wp\/v2\/pages\/215","targetHints":{"allow":["GET"]}}],"collection":[{"href":"https:\/\/kckdental.com\/es\/wp-json\/wp\/v2\/pages"}],"about":[{"href":"https:\/\/kckdental.com\/es\/wp-json\/wp\/v2\/types\/page"}],"author":[{"embeddable":true,"href":"https:\/\/kckdental.com\/es\/wp-json\/wp\/v2\/users\/1"}],"replies":[{"embeddable":true,"href":"https:\/\/kckdental.com\/es\/wp-json\/wp\/v2\/comments?post=215"}],"version-history":[{"count":0,"href":"https:\/\/kckdental.com\/es\/wp-json\/wp\/v2\/pages\/215\/revisions"}],"wp:attachment":[{"href":"https:\/\/kckdental.com\/es\/wp-json\/wp\/v2\/media?parent=215"}],"curies":[{"name":"wp","href":"https:\/\/api.w.org\/{rel}","templated":true}]}}